{"id":151,"date":"2018-09-17T11:11:24","date_gmt":"2018-09-17T15:11:24","guid":{"rendered":"http:\/\/mensouragency.dev.pcomms.ca\/?page_id=151"},"modified":"2024-05-09T13:13:31","modified_gmt":"2024-05-09T17:13:31","slug":"accueil","status":"publish","type":"page","link":"https:\/\/mensour.ca\/fr\/","title":{"rendered":"Accueil"},"content":{"rendered":"<p>L\u2019Agence Mensour se distingue par la cr\u00e9ativit\u00e9 et l\u2019excellence de ses artistes.\u00a0 Premi\u00e8re agence officiellement bilingue au Canada, nous avons l\u2019honneur de repr\u00e9senter des acteurs, des auteurs, des voix et des animateurs en fran\u00e7ais et en anglais depuis pr\u00e8s de quarante ans.\u00a0 Notre passion : d\u00e9fendre nos artistes et soutenir leurs r\u00eaves avec d\u00e9vouement et int\u00e9grit\u00e9.<\/p>\n<p>&nbsp;<\/p>\n","protected":false},"excerpt":{"rendered":"<p>L\u2019Agence Mensour se distingue par la cr\u00e9ativit\u00e9 et l\u2019excellence de ses artistes.\u00a0 Premi\u00e8re agence officiellement bilingue au Canada, nous avons l\u2019honneur de repr\u00e9senter des acteurs, des auteurs, des voix et des animateurs en fran\u00e7ais et en anglais depuis pr\u00e8s de quarante ans.\u00a0 Notre passion : d\u00e9fendre nos artistes et soutenir leurs r\u00eaves avec d\u00e9vouement et &hellip; <\/p>\n<p class=\"link-more\"><a href=\"https:\/\/mensour.ca\/fr\/\" class=\"more-link\">Continuer la lecture<span class=\"screen-reader-text\"> de &laquo;&nbsp;Accueil&nbsp;&raquo;<\/span><\/a><\/p>\n","protected":false},"author":1,"featured_media":4925,"parent":0,"menu_order":0,"comment_status":"closed","ping_status":"closed","template":"","meta":{"footnotes":""},"class_list":["post-151","page","type-page","status-publish","has-post-thumbnail","hentry"],"_links":{"self":[{"href":"https:\/\/mensour.ca\/fr\/wp-json\/wp\/v2\/pages\/151"}],"collection":[{"href":"https:\/\/mensour.ca\/fr\/wp-json\/wp\/v2\/pages"}],"about":[{"href":"https:\/\/mensour.ca\/fr\/wp-json\/wp\/v2\/types\/page"}],"author":[{"embeddable":true,"href":"https:\/\/mensour.ca\/fr\/wp-json\/wp\/v2\/users\/1"}],"replies":[{"embeddable":true,"href":"https:\/\/mensour.ca\/fr\/wp-json\/wp\/v2\/comments?post=151"}],"version-history":[{"count":9,"href":"https:\/\/mensour.ca\/fr\/wp-json\/wp\/v2\/pages\/151\/revisions"}],"predecessor-version":[{"id":4927,"href":"https:\/\/mensour.ca\/fr\/wp-json\/wp\/v2\/pages\/151\/revisions\/4927"}],"wp:featuredmedia":[{"embeddable":true,"href":"https:\/\/mensour.ca\/fr\/wp-json\/wp\/v2\/media\/4925"}],"wp:attachment":[{"href":"https:\/\/mensour.ca\/fr\/wp-json\/wp\/v2\/media?parent=151"}],"curies":[{"name":"wp","href":"https:\/\/api.w.org\/{rel}","templated":true}]}}